{"id":7251,"date":"2015-01-05T16:56:27","date_gmt":"2015-01-05T13:56:27","guid":{"rendered":"https:\/\/efk.epcc.ee\/\/?page_id=7251"},"modified":"2015-01-05T16:56:27","modified_gmt":"2015-01-05T13:56:27","slug":"estnischer-philharmonischer-kammerchor","status":"publish","type":"page","link":"https:\/\/efk.epcc.ee\/en\/bio\/estnischer-philharmonischer-kammerchor\/","title":{"rendered":"ESTNISCHER PHILHARMONISCHER KAMMERCHOR"},"content":{"rendered":"<p>Der <strong>Estnische Philharmonische Kammerchor<\/strong> (EPK) ist eines der bekanntesten estnischen Musikensembles der Welt. Der EPK wurde im Jahre 1981 von T\u00f5nu Kaljuste gegr\u00fcndet und er \u00a0ist zwanzig Jahre der k\u00fcnstlerische Leiter und Chefdirigent des Chors gewesen. Seine Arbeit wurde in den Jahren 2001 bis 2007 von Paul Hillier und in den Jahren 2008 bis 2013 von Daniel Reuss fortgesetzt. Ab der Saison 2014\/2015 ist Kaspars Putni\u0146\u0161 als k\u00fcnstlerischer Leiter und Chefdirigent t\u00e4tig.<\/p>\n<p>Das Repertoire des Chors reicht vom gregorianischen Gesang bis hin zur Musik des 21. Jahrhunderts. Seit Jahren nimmt das Schaffen estnischer Komponisten (Arvo P\u00e4rt, Veljo Tormis, Erkki-Sven T\u00fc\u00fcr, Galina Grigorjeva, Toivo Tulev, T\u00f5nu K\u00f5rvits, Helena Tulve) sowie die Vorstellung ihrer Werke der ganzen Welt eine besondere Stellung ein. Pro Saison gibt der Chor ca. 60\u201370 Konzerte, sowohl in Estland als auch im Ausland.<\/p>\n<p>Der Estnische Philharmonische Kammerchor hat mit vielen hervorragenden Dirigenten und Orchestern, z. B. mit Claudio Abbado, Helmuth Rilling, Eric Ericson, Neeme J\u00e4rvi, Paavo J\u00e4rvi, Roland B\u00f6er, Frieder Bernius, Louis Langr\u00e9e, Stephen Layton, Marc Minkowski, Christoph Poppen, Sir Colin Davis, Andr\u00e9s Orozco-Estrada, Paul McCreesh u. a. sowie mit dem Norwegischen, Australischen, Litauischen, dem Prager und dem Stuttgarter Kammerorchester, mit dem Londoner Sinfonieorchester, mit dem Mahler Kammerorchester, mit Salzburg Camerata, mit Les Musiciens du Louvre-Grenoble, mit dem BBC Nationalorchester von Wales, mit dem hr-Sinfonieorchester Frankfurt, dem Basler Kammerorchester sowie mit dem Estnischen Staatlichen Sinfonieorchester und dem Tallinner Kammerorchester zusammengearbeitet.<\/p>\n<p>Der Chor ist zu vielen renommierten Musikfestivals und Konzertorten in der ganzen Welt eingeladen worden, z. B. zu BBC Proms, zur Salzburger Mozartwoche, zu Vale of Glamorgan, zum Cervantino Festival in Mexiko, zum Schleswig-Holstein Musik Festival, zum Festival Aix-en-Provence, ins Opernhaus von Sydney, ins Wiener Konzerthaus, in den Palau de la Musica in Barcelona, ins LSO St Luke&#8217;s in London, ins Konzerthaus Esplanade in Singapur, ins Kennedy Zentrum in Washington, in die Carnegie Hall, ins Lincoln Center, ins Metropolitan Kunstmuseum in New York usw.<\/p>\n<p>Neben der Konzertt\u00e4tigkeit hat der Chor auch viele Aufnahmen (f\u00fcr Plattenfirmen ECM, Virgin Classics, Carus, Harmonia Mundi, Ondine) eingespielt, die Preise gewonnen haben, darunter zwei Grammys: 2007 mit dem Dirigenten Paul Hillier f\u00fcr \u201eArvo P\u00e4rt. Da Pacem\u201d (Harmonia Mundi) und 2014 mit dem Dirigenten T\u00f5nu Kaljuste f\u00fcr \u201eArvo P\u00e4rt. Adam\u2019s Lament\u201d (ECM). Die Aufnahmen des Estnischen Philharmonischen Kammerchors sind insgesamt bereits vierzehnmal f\u00fcr den Grammy nominiert worden. Die Platten haben auch viele andere Preise, darunter den Diapason d\u2019Or, den Preis der Deutschen Schallplattenkritik, den Danish Music Award, den Choc de l\u2019Ann\u00e9e Classica 2014 usw. gewonnen.<\/p>\n","protected":false},"excerpt":{"rendered":"<p>Der Estnische Philharmonische Kammerchor (EPK) ist eines der bekanntesten estnischen Musikensembles der Welt. Der EPK wurde im Jahre 1981 von T\u00f5nu Kaljuste gegr\u00fcndet und er \u00a0ist zwanzig Jahre der k\u00fcnstlerische Leiter und Chefdirigent des Chors gewesen. Seine Arbeit wurde in den Jahren 2001 bis 2007 von Paul Hillier und in den Jahren 2008 bis 2013 [&hellip;]<\/p>\n","protected":false},"author":2,"featured_media":0,"parent":4788,"menu_order":0,"comment_status":"closed","ping_status":"open","template":"","meta":{"_acf_changed":false,"footnotes":""},"class_list":["post-7251","page","type-page","status-publish","hentry"],"acf":[],"_links":{"self":[{"href":"https:\/\/efk.epcc.ee\/en\/wp-json\/wp\/v2\/pages\/7251","targetHints":{"allow":["GET"]}}],"collection":[{"href":"https:\/\/efk.epcc.ee\/en\/wp-json\/wp\/v2\/pages"}],"about":[{"href":"https:\/\/efk.epcc.ee\/en\/wp-json\/wp\/v2\/types\/page"}],"author":[{"embeddable":true,"href":"https:\/\/efk.epcc.ee\/en\/wp-json\/wp\/v2\/users\/2"}],"replies":[{"embeddable":true,"href":"https:\/\/efk.epcc.ee\/en\/wp-json\/wp\/v2\/comments?post=7251"}],"version-history":[{"count":0,"href":"https:\/\/efk.epcc.ee\/en\/wp-json\/wp\/v2\/pages\/7251\/revisions"}],"up":[{"embeddable":true,"href":"https:\/\/efk.epcc.ee\/en\/wp-json\/wp\/v2\/pages\/4788"}],"wp:attachment":[{"href":"https:\/\/efk.epcc.ee\/en\/wp-json\/wp\/v2\/media?parent=7251"}],"curies":[{"name":"wp","href":"https:\/\/api.w.org\/{rel}","templated":true}]}}