{"id":17810,"date":"2021-04-24T14:46:55","date_gmt":"2021-04-24T11:46:55","guid":{"rendered":"https:\/\/efk.epcc.ee\/?page_id=17810"},"modified":"2021-05-03T12:36:25","modified_gmt":"2021-05-03T09:36:25","slug":"circle-of-epcc","status":"publish","type":"page","link":"https:\/\/efk.epcc.ee\/en\/support-us\/circle-of-epcc\/","title":{"rendered":"Circle of EPCC"},"content":{"rendered":"<p>&nbsp;<\/p>\n<div class=\"row md-flex\">\n<div class=\"col-sm-12 col-md-8\">\n<h2>The Circle of EPCC Supporters<\/h2>\n<p>is an association that was founded with a purpose to provide financial support for the activities of EPCC. The general idea of the Circle of EPCC is to create an extended network of like-minded patrons and fellow-thinkers who contribute to the sustainability of EPCC and thereby also to the development and furtherance of Estonian music and cultural heritage. The Circle of EPCC allow us to bring together our donors and to show them our appreciation for kindness.<\/p>\n<p><strong>Becoming a member<\/strong> of the Circle of EPCC is a great opportunity to be personally included in our community and to follow the journey of the choir through the entire season. The members have the opportunity to get together at first-class concerts, club evenings, to be invited to the festive gatherings of the EPCC\u2019s concert season, to enjoy our new recordings and have the insider\u2019s view to the choir\u2019s musical projects.<\/p>\n<p>You can join the Circle of EPCC starting from a donation of <strong>200\u20ac per year<\/strong>. In order to join, please fill in the application form with your contact information and make a donation. We will contact you personally to confirm your membership. Thank you and we look forward to meeting you in our circle!<\/p>\n<\/div>\n<div class=\"col-sm-12 col-md-4\">\n<p><img loading=\"lazy\" decoding=\"async\" src=\"https:\/\/efk.epcc.ee\/wp-content\/uploads\/2021\/05\/dirigent-tonu-kaljuste-ja-efk-festivalil-wratislavia-cantans-foto-boguslaw-beszlej-600x600.jpg\" alt=\"\" width=\"400\" height=\"400\" class=\"alignnone size-large wp-image-18082\" srcset=\"https:\/\/efk.epcc.ee\/wp-content\/uploads\/2021\/05\/dirigent-tonu-kaljuste-ja-efk-festivalil-wratislavia-cantans-foto-boguslaw-beszlej-600x600.jpg 600w, https:\/\/efk.epcc.ee\/wp-content\/uploads\/2021\/05\/dirigent-tonu-kaljuste-ja-efk-festivalil-wratislavia-cantans-foto-boguslaw-beszlej-300x300.jpg 300w, https:\/\/efk.epcc.ee\/wp-content\/uploads\/2021\/05\/dirigent-tonu-kaljuste-ja-efk-festivalil-wratislavia-cantans-foto-boguslaw-beszlej-100x100.jpg 100w, https:\/\/efk.epcc.ee\/wp-content\/uploads\/2021\/05\/dirigent-tonu-kaljuste-ja-efk-festivalil-wratislavia-cantans-foto-boguslaw-beszlej-768x768.jpg 768w, https:\/\/efk.epcc.ee\/wp-content\/uploads\/2021\/05\/dirigent-tonu-kaljuste-ja-efk-festivalil-wratislavia-cantans-foto-boguslaw-beszlej.jpg 1100w\" sizes=\"auto, (max-width: 400px) 100vw, 400px\" \/><\/p>\n<p class=\"wp-caption-text\">EPCC performing Arvo P\u00e4rt\u2019s \u201eKanon pokajanen\u201d under conductor T\u00f5nu Kaljuste at Wratislavia Cantans Festival in Wroc\u0142aw University church, Poland. Photo: Bogus\u0142aw Besz\u0142ej<\/p>\n<\/div>\n<\/div>\n<p>&nbsp;<\/p>\n<p><a class=\"btn btn-primary btn-sm hide\" style=\"text-decoration: none !important;\" href=\"https:\/\/efk.epcc.ee\/toetajale\/annetajale\/\">Join and donate<\/a><br \/>\n<a class=\"btn btn-primary btn-sm\" style=\"text-decoration: none !important;\" data-fancybox=\"\" data-type=\"iframe\" data-src=\"https:\/\/efk.epcc.ee\/donation\/Donate\/english\/Soovin_liituda_EFK_toetajate_ringiga\/toetajate_ring\">Join and donate<\/a><\/p>\n<p>If you have any questions, please feel free to contact Annika Kuuda, Partnership Manager at the EPCC, either by phone at: +372 56639399 or by email at: <a href=\"mailto:annika.kuuda@epcc.ee\">annika.kuuda@epcc.ee<\/a><\/p>\n","protected":false},"excerpt":{"rendered":"<p>&nbsp; The Circle of EPCC Supporters is an association that was founded with a purpose to provide financial support for the activities of EPCC. The general idea of the Circle of EPCC is to create an extended network of like-minded patrons and fellow-thinkers who contribute to the sustainability of EPCC and thereby also to the [&hellip;]<\/p>\n","protected":false},"author":2,"featured_media":17797,"parent":17806,"menu_order":0,"comment_status":"closed","ping_status":"closed","template":"","meta":{"_acf_changed":false,"footnotes":""},"class_list":["post-17810","page","type-page","status-publish","has-post-thumbnail","hentry"],"acf":[],"_links":{"self":[{"href":"https:\/\/efk.epcc.ee\/en\/wp-json\/wp\/v2\/pages\/17810","targetHints":{"allow":["GET"]}}],"collection":[{"href":"https:\/\/efk.epcc.ee\/en\/wp-json\/wp\/v2\/pages"}],"about":[{"href":"https:\/\/efk.epcc.ee\/en\/wp-json\/wp\/v2\/types\/page"}],"author":[{"embeddable":true,"href":"https:\/\/efk.epcc.ee\/en\/wp-json\/wp\/v2\/users\/2"}],"replies":[{"embeddable":true,"href":"https:\/\/efk.epcc.ee\/en\/wp-json\/wp\/v2\/comments?post=17810"}],"version-history":[{"count":0,"href":"https:\/\/efk.epcc.ee\/en\/wp-json\/wp\/v2\/pages\/17810\/revisions"}],"up":[{"embeddable":true,"href":"https:\/\/efk.epcc.ee\/en\/wp-json\/wp\/v2\/pages\/17806"}],"wp:featuredmedia":[{"embeddable":true,"href":"https:\/\/efk.epcc.ee\/en\/wp-json\/wp\/v2\/media\/17797"}],"wp:attachment":[{"href":"https:\/\/efk.epcc.ee\/en\/wp-json\/wp\/v2\/media?parent=17810"}],"curies":[{"name":"wp","href":"https:\/\/api.w.org\/{rel}","templated":true}]}}