{"id":17808,"date":"2021-04-24T14:37:52","date_gmt":"2021-04-24T11:37:52","guid":{"rendered":"https:\/\/efk.epcc.ee\/?page_id=17808"},"modified":"2021-05-28T12:09:04","modified_gmt":"2021-05-28T09:09:04","slug":"priority-projects","status":"publish","type":"page","link":"https:\/\/efk.epcc.ee\/en\/support-us\/priority-projects\/","title":{"rendered":"Priority projects"},"content":{"rendered":"<h2>Create an Event<\/h2>\n<p class=\"lead\">We invite you to join us in creating opportunities in order to carry out music events and activities which are significant for Estonian society. Be a part of the EPCC community and give your input to the EPCC\u2019s educational programme, charity projects, music recordings, concerts and live streams on EPCC.TV.<\/p>\n<p class=\"lead\">Check out the upcoming events and either donate for a specific purpose or submit a proposal to us:<\/p>\n<p>&nbsp;<\/p>\n<div class=\"row md-flex\">\n<div class=\"col-sm-12 col-md-6\">\n<p><img loading=\"lazy\" decoding=\"async\" class=\"alignnone size-large wp-image-18072\" src=\"https:\/\/efk.epcc.ee\/wp-content\/uploads\/2021\/05\/2020-08-07-nargenfestival-tormis-90-foto-siim-vahur-600x400.jpg\" alt=\"\" width=\"600\" height=\"400\" srcset=\"https:\/\/efk.epcc.ee\/wp-content\/uploads\/2021\/05\/2020-08-07-nargenfestival-tormis-90-foto-siim-vahur-600x400.jpg 600w, https:\/\/efk.epcc.ee\/wp-content\/uploads\/2021\/05\/2020-08-07-nargenfestival-tormis-90-foto-siim-vahur-300x200.jpg 300w, https:\/\/efk.epcc.ee\/wp-content\/uploads\/2021\/05\/2020-08-07-nargenfestival-tormis-90-foto-siim-vahur-768x512.jpg 768w, https:\/\/efk.epcc.ee\/wp-content\/uploads\/2021\/05\/2020-08-07-nargenfestival-tormis-90-foto-siim-vahur.jpg 1140w\" sizes=\"auto, (max-width: 600px) 100vw, 600px\" \/><\/p>\n<p class=\"wp-caption-text\">Conductor T\u00f5nu Kaljuste and EPCC at the concert \u201eTormis 90. Tormise Tuules\u201c which took place in the Nobel Hall of Noblessner Foundry, Tallinn, Estonia.<br \/>\nPhoto: Siim Vahuri<\/p>\n<\/div>\n<div class=\"col-sm-12 col-md-6\">\n<h2 class=\"margintop\">EPCC 40<\/h2>\n<p>In the season of 2021\/2022, the Estonian Philharmonic Chamber Choir will celebrate its 40th anniversary. Various concerts, celebrations and activities dedicated to the history of the chamber choir will take place in the framework of this occasion. Among other things, a thorough and atmospheric book reflecting the history of the choir in words and images will be published shortly. The birthday season will culminate in a grand gala concert in the summer of 2022, and we expect many dear friends from Estonia and from all over the world to come visit us. Join us in the celebrations!<\/p>\n<p><a class=\"btn btn-primary btn-sm hide\" style=\"text-decoration: none !important;\" href=\"https:\/\/efk.epcc.ee\/toetajale\/annetajale\/\">Donate<\/a><br \/>\n<a class=\"btn btn-primary btn-sm\" style=\"text-decoration: none !important;\" data-fancybox=\"\" data-type=\"iframe\" data-src=\"https:\/\/efk.epcc.ee\/donation\/Donate\/english\/EFK_40\">Donate<\/a><\/p>\n<\/div>\n<\/div>\n<p>&nbsp;<\/p>\n<p>&nbsp;<\/p>\n<div class=\"row md-flex reverse\">\n<div class=\"col-sm-12 col-md-6\">\n<p><img loading=\"lazy\" decoding=\"async\" class=\"alignnone size-large wp-image-18074\" src=\"https:\/\/efk.epcc.ee\/wp-content\/uploads\/2021\/05\/ecm-records-asutaja-manfred-eicher-helilooja-arvo-part-ja-dirigent-tonu-kaljuste-600x400.jpg\" alt=\"\" width=\"600\" height=\"400\" srcset=\"https:\/\/efk.epcc.ee\/wp-content\/uploads\/2021\/05\/ecm-records-asutaja-manfred-eicher-helilooja-arvo-part-ja-dirigent-tonu-kaljuste-600x400.jpg 600w, https:\/\/efk.epcc.ee\/wp-content\/uploads\/2021\/05\/ecm-records-asutaja-manfred-eicher-helilooja-arvo-part-ja-dirigent-tonu-kaljuste-300x200.jpg 300w, https:\/\/efk.epcc.ee\/wp-content\/uploads\/2021\/05\/ecm-records-asutaja-manfred-eicher-helilooja-arvo-part-ja-dirigent-tonu-kaljuste-768x512.jpg 768w, https:\/\/efk.epcc.ee\/wp-content\/uploads\/2021\/05\/ecm-records-asutaja-manfred-eicher-helilooja-arvo-part-ja-dirigent-tonu-kaljuste.jpg 1140w\" sizes=\"auto, (max-width: 600px) 100vw, 600px\" \/><\/p>\n<p class=\"wp-caption-text\">Manfred Eicher \u2013 founder of ECM Records, composer Arvo P\u00e4rt, conductor T\u00f5nu Kaljuste, EPCC and Tallinn Chamber Orchestra. A portrait concert of music by Arvo P\u00e4rt given at the Grand Hall of Elbphilharmonie in Hamburg. Photo: Luciano Rossetti<\/p>\n<\/div>\n<div class=\"col-sm-12 col-md-6\">\n<h2 class=\"margintop\">LIVE STREAMS ON <a href=\"https:\/\/voogle.ee\/epcc\">EPCC.TV<\/a><\/h2>\n<p><a href=\"https:\/\/voogle.ee\/epcc\">EPCC.TV<\/a> is the digital concert hall of the Estonian Philharmonic Chamber Choir \u2014 an online platform which enables to watch live streams of our concerts and offers a selection of previous performances, valuable broadcasts, interviews as well as our on-demand videos of backstage and making of music. The main purpose of continuously growing professional online video platform <a href=\"https:\/\/voogle.ee\/epcc\">EPCC.TV<\/a> is to communicate with our loyal listeners from all over the world and to offer our audience musical performances provided with studio-quality audio alongside a crystal clear video stream.<\/p>\n<p>Give your contribution so that culture connoisseurs all over the world could have access to Estonian music and the activities of our musicians!<\/p>\n<p><a class=\"btn btn-primary btn-sm hide\" style=\"text-decoration: none !important;\" href=\"https:\/\/efk.epcc.ee\/toetajale\/annetajale\/\">Donate<\/a><br \/>\n<a class=\"btn btn-primary btn-sm\" style=\"text-decoration: none !important;\" data-fancybox=\"\" data-type=\"iframe\" data-src=\"https:\/\/efk.epcc.ee\/donation\/Donate\/english\/EPCC.TV\">Donate<\/a><\/p>\n<\/div>\n<\/div>\n<p>&nbsp;<\/p>\n<p>&nbsp;<\/p>\n<div class=\"row md-flex\">\n<div class=\"col-sm-12 col-md-6\">\n<p><img loading=\"lazy\" decoding=\"async\" class=\"alignnone size-large wp-image-18077\" src=\"https:\/\/efk.epcc.ee\/wp-content\/uploads\/2021\/05\/dirigent-kaspars-putnins-ja-helirezissoor-jens-braun-600x400.jpg\" alt=\"\" width=\"600\" height=\"400\" srcset=\"https:\/\/efk.epcc.ee\/wp-content\/uploads\/2021\/05\/dirigent-kaspars-putnins-ja-helirezissoor-jens-braun-600x400.jpg 600w, https:\/\/efk.epcc.ee\/wp-content\/uploads\/2021\/05\/dirigent-kaspars-putnins-ja-helirezissoor-jens-braun-300x200.jpg 300w, https:\/\/efk.epcc.ee\/wp-content\/uploads\/2021\/05\/dirigent-kaspars-putnins-ja-helirezissoor-jens-braun-768x512.jpg 768w, https:\/\/efk.epcc.ee\/wp-content\/uploads\/2021\/05\/dirigent-kaspars-putnins-ja-helirezissoor-jens-braun.jpg 1140w\" sizes=\"auto, (max-width: 600px) 100vw, 600px\" \/><\/p>\n<p class=\"wp-caption-text\">Conductor Kaspars Putnin\u0161 and sound engineer Jens Braun at the recording session of EPCC in St Nicholas Church, Tallinn, Estonia.<br \/>\nPhoto: Kaupo Kikkas<\/p>\n<\/div>\n<div class=\"col-sm-12 col-md-6\">\n<h2 class=\"margintop\">RECORDING OF A NEW COMPOSITION BY ESTONIAN COMPOSER<\/h2>\n<p>As a sequel to the celebrated cycles <strong>\u201cMoorland Elegies\u201d <\/strong>(2015) and<strong> \u201cSei la luce e il mattino\u201d<\/strong> (2019) for choir and orchestra composed by <strong>T\u00f5nu K\u00f5rvits<\/strong> \u2013 one of the most renowned and beloved contemporary Estonian composers \u2013 the third part of the grand musical trilogy has recently been completed upon the request of the EPCC. Titled \u201c<strong>The Sound of Wings&#8221; (&#8220;Tiibade h\u00e4\u00e4l&#8221;),<\/strong> this Estonian-language piece is dedicated to the American female pilot Amelia Earhart and composed to the texts of Doris Kareva. The premiere and recording of the new piece will be performed once again in an excellent partnership between conductor <strong>Risto Joost<\/strong>, <strong>Tallinn Chamber Orchestra and the Estonian Philharmonic Chamber Choir. <\/strong><\/p>\n<p><a class=\"btn btn-primary btn-sm hide\" style=\"text-decoration: none !important;\" href=\"https:\/\/efk.epcc.ee\/toetajale\/annetajale\/\">Donate<\/a><br \/>\n<a class=\"btn btn-primary btn-sm\" style=\"text-decoration: none !important;\" data-fancybox=\"\" data-type=\"iframe\" data-src=\"https:\/\/efk.epcc.ee\/donation\/Donate\/english\/UUE_EESTI_HELITEOSE_SALVESTUS\">Donate<\/a><\/p>\n<\/div>\n<\/div>\n<p>&nbsp;<\/p>\n<p>&nbsp;<\/p>\n<p>If you didn\u2019t find any project to support and\/or if you have a great proposal for us, please feel free to contact us on: +372 56639399 or by writing to: <a href=\"mailto:annika.kuuda@epcc.ee\">annika.kuuda@epcc.ee<\/a>.<br \/>\nCreating events together!<\/p>\n","protected":false},"excerpt":{"rendered":"<p>Create an Event We invite you to join us in creating opportunities in order to carry out music events and activities which are significant for Estonian society. Be a part of the EPCC community and give your input to the EPCC\u2019s educational programme, charity projects, music recordings, concerts and live streams on EPCC.TV. Check out [&hellip;]<\/p>\n","protected":false},"author":2,"featured_media":17793,"parent":17806,"menu_order":0,"comment_status":"closed","ping_status":"closed","template":"","meta":{"_acf_changed":false,"footnotes":""},"class_list":["post-17808","page","type-page","status-publish","has-post-thumbnail","hentry"],"acf":[],"_links":{"self":[{"href":"https:\/\/efk.epcc.ee\/en\/wp-json\/wp\/v2\/pages\/17808","targetHints":{"allow":["GET"]}}],"collection":[{"href":"https:\/\/efk.epcc.ee\/en\/wp-json\/wp\/v2\/pages"}],"about":[{"href":"https:\/\/efk.epcc.ee\/en\/wp-json\/wp\/v2\/types\/page"}],"author":[{"embeddable":true,"href":"https:\/\/efk.epcc.ee\/en\/wp-json\/wp\/v2\/users\/2"}],"replies":[{"embeddable":true,"href":"https:\/\/efk.epcc.ee\/en\/wp-json\/wp\/v2\/comments?post=17808"}],"version-history":[{"count":0,"href":"https:\/\/efk.epcc.ee\/en\/wp-json\/wp\/v2\/pages\/17808\/revisions"}],"up":[{"embeddable":true,"href":"https:\/\/efk.epcc.ee\/en\/wp-json\/wp\/v2\/pages\/17806"}],"wp:featuredmedia":[{"embeddable":true,"href":"https:\/\/efk.epcc.ee\/en\/wp-json\/wp\/v2\/media\/17793"}],"wp:attachment":[{"href":"https:\/\/efk.epcc.ee\/en\/wp-json\/wp\/v2\/media?parent=17808"}],"curies":[{"name":"wp","href":"https:\/\/api.w.org\/{rel}","templated":true}]}}